{"id":139,"date":"2022-10-23T16:20:41","date_gmt":"2022-10-23T14:20:41","guid":{"rendered":"https:\/\/rslaw.at\/?page_id=139"},"modified":"2025-04-16T07:40:23","modified_gmt":"2025-04-16T05:40:23","slug":"kanzlei","status":"publish","type":"page","link":"https:\/\/rslaw.at\/en\/","title":{"rendered":"Law Firm"},"content":{"rendered":"<p>[et_pb_section fb_built=&#8220;1&#8243; fullwidth=&#8220;on&#8220; _builder_version=&#8220;4.22.0&#8243; _module_preset=&#8220;default&#8220; background_image=&#8220;https:\/\/rslaw.at\/wp-content\/uploads\/2023\/08\/head-rs-03.jpg&#8220; height=&#8220;500px&#8220; height_tablet=&#8220;300px&#8220; height_phone=&#8220;300px&#8220; height_last_edited=&#8220;on|phone&#8220; global_colors_info=&#8220;{}&#8220;][et_pb_fullwidth_image alt=&#8220;Harrer Schneider Kanzlei&#8220; _builder_version=&#8220;4.19.1&#8243; _module_preset=&#8220;default&#8220; global_colors_info=&#8220;{}&#8220;][\/et_pb_fullwidth_image][\/et_pb_section][et_pb_section fb_built=&#8220;1&#8243; _builder_version=&#8220;4.18.0&#8243; _module_preset=&#8220;default&#8220; global_colors_info=&#8220;{}&#8220;][et_pb_row _builder_version=&#8220;4.20.0&#8243; _module_preset=&#8220;default&#8220; custom_margin_tablet=&#8220;&#8220; custom_margin_phone=&#8220;||-40px||false|false&#8220; custom_margin_last_edited=&#8220;on|phone&#8220; global_colors_info=&#8220;{}&#8220;][et_pb_column type=&#8220;4_4&#8243; _builder_version=&#8220;4.18.0&#8243; _module_preset=&#8220;default&#8220; global_colors_info=&#8220;{}&#8220;][et_pb_text _builder_version=&#8220;4.18.0&#8243; _module_preset=&#8220;default&#8220; global_colors_info=&#8220;{}&#8220;]<\/p>\n<h1>Wir arbeiten im Netzwerk<\/h1>\n<p>[\/et_pb_text][\/et_pb_column][\/et_pb_row][et_pb_row _builder_version=&#8220;4.18.0&#8243; _module_preset=&#8220;default&#8220; global_colors_info=&#8220;{}&#8220;][et_pb_column type=&#8220;4_4&#8243; _builder_version=&#8220;4.18.0&#8243; _module_preset=&#8220;default&#8220; global_colors_info=&#8220;{}&#8220;][et_pb_text _builder_version=&#8220;4.27.4&#8243; _module_preset=&#8220;default&#8220; global_colors_info=&#8220;{}&#8220;]<\/p>\n<p>Ren\u00e9 Schneider Rechtsanwalts GmbH ist eine Kanzlei des Wirtschaftsanwalts Ren\u00e9 Schneider, der zuvor in Kanzleigemeinschaft bzw bei internationalen Gro\u00dfkanzleien t\u00e4tig war. Ren\u00e9 Schneider hat seinen Kanzleisitz im geschichtstr\u00e4chtigen Kipferlhaus<span style=\"caret-color: #212121; color: #212121; font-family: Arial, sans-serif; font-size: 13.333333015441895px; font-style: normal; font-variant-caps: normal; font-weight: 400; letter-spacing: normal; orphans: auto; text-align: left; text-indent: 0px; text-transform: none; white-space: normal; widows: auto; word-spacing: 0px; -webkit-text-size-adjust: auto; -webkit-text-stroke-width: 0px; text-decoration: none; display: inline !important; float: none;\"> <\/span>in der Gr\u00fcnangergasse 8 im 1. Bezirk Wiens, dessen Ursprung bis ins 14. Jahrhundert zur\u00fcckgeht.<\/p>\n<p>Durch ein Netzwerk an befreundeten Partnerkanzleien in \u00d6sterreich, in den meisten L\u00e4ndern Europas sowie in den U.S.A unterst\u00fctzt Ren\u00e9 Schneider Mandanten auch bei der L\u00f6sung von Rechtsproblemen anderer Jurisdiktionen.<\/p>\n<p>[\/et_pb_text][\/et_pb_column][\/et_pb_row][\/et_pb_section]<\/p>\n","protected":false},"excerpt":{"rendered":"<p>Wir arbeiten im NetzwerkRen\u00e9 Schneider Rechtsanwalts GmbH ist eine Kanzlei des Wirtschaftsanwalts Ren\u00e9 Schneider, der zuvor in Kanzleigemeinschaft bzw bei internationalen Gro\u00dfkanzleien t\u00e4tig war. Ren\u00e9 Schneider hat seinen Kanzleisitz im geschichtstr\u00e4chtigen Kipferlhaus in der Gr\u00fcnangergasse 8 im 1. Bezirk Wiens, dessen Ursprung bis ins 14. Jahrhundert zur\u00fcckgeht. Durch ein Netzwerk an befreundeten Partnerkanzleien in \u00d6sterreich, [&hellip;]<\/p>\n","protected":false},"author":2,"featured_media":0,"parent":0,"menu_order":0,"comment_status":"closed","ping_status":"closed","template":"","meta":{"_et_pb_use_builder":"on","_et_pb_old_content":"","_et_gb_content_width":"","footnotes":""},"class_list":["post-139","page","type-page","status-publish","hentry"],"_links":{"self":[{"href":"https:\/\/rslaw.at\/en\/wp-json\/wp\/v2\/pages\/139","targetHints":{"allow":["GET"]}}],"collection":[{"href":"https:\/\/rslaw.at\/en\/wp-json\/wp\/v2\/pages"}],"about":[{"href":"https:\/\/rslaw.at\/en\/wp-json\/wp\/v2\/types\/page"}],"author":[{"embeddable":true,"href":"https:\/\/rslaw.at\/en\/wp-json\/wp\/v2\/users\/2"}],"replies":[{"embeddable":true,"href":"https:\/\/rslaw.at\/en\/wp-json\/wp\/v2\/comments?post=139"}],"version-history":[{"count":0,"href":"https:\/\/rslaw.at\/en\/wp-json\/wp\/v2\/pages\/139\/revisions"}],"wp:attachment":[{"href":"https:\/\/rslaw.at\/en\/wp-json\/wp\/v2\/media?parent=139"}],"curies":[{"name":"wp","href":"https:\/\/api.w.org\/{rel}","templated":true}]}}