{"id":214,"date":"2022-10-23T17:25:52","date_gmt":"2022-10-23T15:25:52","guid":{"rendered":"https:\/\/rslaw.at\/kontakt-copy\/"},"modified":"2025-04-16T07:36:30","modified_gmt":"2025-04-16T05:36:30","slug":"impressum","status":"publish","type":"page","link":"https:\/\/rslaw.at\/en\/impressum\/","title":{"rendered":"Imprint"},"content":{"rendered":"<p>[et_pb_section fb_built=&#8220;1&#8243; fullwidth=&#8220;on&#8220; _builder_version=&#8220;4.22.0&#8243; _module_preset=&#8220;default&#8220; background_image=&#8220;https:\/\/rslaw.at\/wp-content\/uploads\/2023\/08\/head-rs-03.jpg&#8220; background_position=&#8220;bottom_center&#8220; height=&#8220;500px&#8220; height_tablet=&#8220;300px&#8220; height_phone=&#8220;300px&#8220; height_last_edited=&#8220;on|phone&#8220; global_colors_info=&#8220;{}&#8220;][et_pb_fullwidth_image alt=&#8220;Harrer Schneider Kanzlei&#8220; _builder_version=&#8220;4.19.1&#8243; _module_preset=&#8220;default&#8220; global_colors_info=&#8220;{}&#8220;][\/et_pb_fullwidth_image][\/et_pb_section][et_pb_section fb_built=&#8220;1&#8243; _builder_version=&#8220;4.18.0&#8243; _module_preset=&#8220;default&#8220; global_colors_info=&#8220;{}&#8220;][et_pb_row _builder_version=&#8220;4.18.0&#8243; _module_preset=&#8220;default&#8220; custom_padding=&#8220;||11px|||&#8220; global_colors_info=&#8220;{}&#8220;][et_pb_column type=&#8220;4_4&#8243; _builder_version=&#8220;4.18.0&#8243; _module_preset=&#8220;default&#8220; global_colors_info=&#8220;{}&#8220;][et_pb_text _builder_version=&#8220;4.18.0&#8243; _module_preset=&#8220;default&#8220; custom_margin=&#8220;||-1px|||&#8220; global_colors_info=&#8220;{}&#8220;]<\/p>\n<h1>Impressum<\/h1>\n<p>[\/et_pb_text][et_pb_text _builder_version=&#8220;4.19.1&#8243; _module_preset=&#8220;default&#8220; text_font=&#8220;Alata||||||||&#8220; custom_margin=&#8220;||70px|||&#8220; global_colors_info=&#8220;{}&#8220;]<\/p>\n<p>(Offenlegung gem\u00e4\u00df \u00a7 5 ECG):<\/p>\n<p>[\/et_pb_text][et_pb_text _builder_version=&#8220;4.21.2&#8243; _module_preset=&#8220;default&#8220; text_font=&#8220;Tajawal|700|||||||&#8220; text_text_color=&#8220;#00457C&#8220; text_font_size=&#8220;26px&#8220; header_2_font=&#8220;Tajawal|700|||||||&#8220; text_font_size_tablet=&#8220;26px&#8220; text_font_size_phone=&#8220;23px&#8220; text_font_size_last_edited=&#8220;on|phone&#8220; header_2_font_size_tablet=&#8220;&#8220; header_2_font_size_phone=&#8220;&#8220; header_2_font_size_last_edited=&#8220;on|phone&#8220; global_module=&#8220;430&#8243; saved_tabs=&#8220;all&#8220; global_colors_info=&#8220;{}&#8220;]<\/p>\n<p>Ren\u00e9 Schneider Rechtsanwalts GmbH<\/p>\n<p>[\/et_pb_text][\/et_pb_column][\/et_pb_row][et_pb_row column_structure=&#8220;2_5,3_5&#8243; _builder_version=&#8220;4.18.0&#8243; _module_preset=&#8220;default&#8220; global_colors_info=&#8220;{}&#8220;][et_pb_column type=&#8220;2_5&#8243; _builder_version=&#8220;4.18.0&#8243; _module_preset=&#8220;default&#8220; global_colors_info=&#8220;{}&#8220;][et_pb_text _builder_version=&#8220;4.21.2&#8243; _module_preset=&#8220;default&#8220; global_colors_info=&#8220;{}&#8220;]<\/p>\n<p>Kipferlhaus<br \/>Gr\u00fcnangergasse 8\/6<br \/>1010 Wien<\/p>\n<p>[\/et_pb_text][\/et_pb_column][et_pb_column type=&#8220;3_5&#8243; _builder_version=&#8220;4.18.0&#8243; _module_preset=&#8220;default&#8220; global_colors_info=&#8220;{}&#8220;][et_pb_text _builder_version=&#8220;4.23&#8243; _module_preset=&#8220;default&#8220; global_colors_info=&#8220;{}&#8220;]<\/p>\n<p><strong>T<\/strong> <a href=\"tel:+43126987970\">+43 \/ 1 \/ 269 87 97 &#8211; 0<\/a><br \/><strong>F<\/strong> <a href=\"tel:+431269879710\">+43 \/ 1 \/ 269 87 97 &#8211; 10<\/a><br \/><strong>E<\/strong> \u2028<a href=\"mailto:kanzlei@rslaw.at\">kanzlei@rslaw.at<\/a><\/p>\n<p><a title=\"www.rslaw.at\" href=\"https:\/\/www.rslaw.at\">www.rslaw.at<\/a><\/p>\n<p>[\/et_pb_text][\/et_pb_column][\/et_pb_row][et_pb_row _builder_version=&#8220;4.18.0&#8243; _module_preset=&#8220;default&#8220; global_colors_info=&#8220;{}&#8220;][et_pb_column type=&#8220;4_4&#8243; _builder_version=&#8220;4.18.0&#8243; _module_preset=&#8220;default&#8220; global_colors_info=&#8220;{}&#8220;][et_pb_text _builder_version=&#8220;4.21.2&#8243; _module_preset=&#8220;default&#8220; global_colors_info=&#8220;{}&#8220;]<\/p>\n<p>Sitz Wien, FN 246037 w, Handelsgericht Wien<br \/>Zulassung: \u00d6sterreichische Rechtsanwaltsgesellschaft<br \/>Aufsichtsbeh\u00f6rde: Rechtsanwaltskammer Wien (RAK Wien)<br \/>Rechtsanwaltscode: P 130518 (RAK Wien)<br \/>Anwendbare berufsrechtliche Vorschriften: RAO, RL-BA, etc (abrufbar unter <span><a href=\"http:\/\/www.oerak.at\" rel=\"nofollow noopener\" target=\"_blank\">www.oerak.at<\/a><\/span> \/ <span><a href=\"http:\/\/www.ris.bka.gv.at\" rel=\"nofollow noopener\" target=\"_blank\">www.ris.bka.gv.at<\/a><\/span>)<\/p>\n<p>UID Nummer: ATU 578 644 12<\/p>\n<p>[\/et_pb_text][et_pb_text _builder_version=&#8220;4.22.0&#8243; _module_preset=&#8220;default&#8220; global_colors_info=&#8220;{}&#8220;]<\/p>\n<p><strong>Online-Streitbeilegung gem\u00e4\u00df Art 14 Abs 1 ODR-VO:<\/strong><\/p>\n<p>Die Europ\u00e4ische Kommission stellt eine Plattform f\u00fcr die au\u00dfergerichtliche Online-Streitbeilegung (OS-Plattform) bereit, die\u202funter folgendem Link aufrufbar ist <a href=\"https:\/\/commission.europa.eu\/select-language?destination=\/node\/1\" target=\"_blank\" rel=\"noopener nofollow\">www.ec.europa.eu<\/a><br \/>Verbraucher haben die M\u00f6glichkeit, diese Plattform f\u00fcr die Beilegung ihrer Streitigkeiten zu nutzen. Bitte beachten Sie, dass wir nicht verpflichtet sind, an einem Streitbeilegungsverfahren teilzunehmen. <br \/>Unsere E-Mail Adresse lautet: <a href=\"mailto:kanzlei@rslaw.at\"><span>kanzlei@rslaw.at<\/span><\/a><\/p>\n<p>[\/et_pb_text][et_pb_text _builder_version=&#8220;4.19.1&#8243; _module_preset=&#8220;default&#8220; global_colors_info=&#8220;{}&#8220;]<\/p>\n<p><strong>Fotos: <\/strong>Roland Unger, Wien<\/p>\n<p><strong>Gestaltung und Realisierung der Website:<\/strong><\/p>\n<p><strong>Website-Programmierung:<\/strong><br \/>Christian Paschinger, <a href=\"mailto:office@paschinger.net\">office@paschinger.net<\/a><\/p>\n<p><strong>Website-Gestaltung:<\/strong><br \/>creativ-werk, Melanie Mayer, Obereck 39\/2, 5242 St. Johann am Walde\u2028 | <a href=\"http:\/\/www.creativ-werk.com\" rel=\"nofollow noopener\" target=\"_blank\">www.creativ-werk.com<\/a><\/p>\n<p>[\/et_pb_text][\/et_pb_column][\/et_pb_row][\/et_pb_section][et_pb_section fb_built=&#8220;1&#8243; fullwidth=&#8220;on&#8220; _builder_version=&#8220;4.18.0&#8243; _module_preset=&#8220;default&#8220; global_colors_info=&#8220;{}&#8220;][et_pb_fullwidth_code _builder_version=&#8220;4.19.4&#8243; _module_preset=&#8220;default&#8220; global_colors_info=&#8220;{}&#8220;]<div class=\"BorlabsCookie _brlbs-cb-googlemaps\"><div class=\"_brlbs-content-blocker\"> <div class=\"_brlbs-embed _brlbs-google-maps\"> <img class=\"_brlbs-thumbnail\" src=\"https:\/\/rslaw.at\/wp-content\/plugins\/borlabs-cookie\/assets\/images\/cb-maps.png\" alt=\"Google Maps\"> <div class=\"_brlbs-caption\"> <p>Mit dem Laden der Karte akzeptieren Sie die Datenschutzerkl\u00e4rung von Google.<br><a href=\"https:\/\/policies.google.com\/privacy\" target=\"_blank\" rel=\"nofollow noopener noreferrer\">Mehr erfahren<\/a><\/p> <p><a class=\"_brlbs-btn\" href=\"#\" data-borlabs-cookie-unblock role=\"button\">Karte laden<\/a><\/p> <p><label><input type=\"checkbox\" name=\"unblockAll\" value=\"1\" checked> <small>Google Maps immer entsperren<\/small><\/label><\/p> <\/div> <\/div> <\/div><div class=\"borlabs-hide\" data-borlabs-cookie-type=\"content-blocker\" data-borlabs-cookie-id=\"googlemaps\"><script type=\"text\/template\">PGlmcmFtZSBzcmM9Imh0dHBzOi8vd3d3Lmdvb2dsZS5jb20vbWFwcy9lbWJlZD9wYj0hMW0xOCExbTEyITFtMyExZDI2NTguODYyMjE3MzE5ODkyITJkMTYuMzY5NjIxNTE1NjUxNTIhM2Q0OC4yMDkyNjk3NzkyMjkyNCEybTMhMWYwITJmMCEzZjAhM20yITFpMTAyNCEyaTc2OCE0ZjEzLjEhM20zITFtMiExczB4NDc2ZDA3OThiNGMxMWVmOSUzQTB4ZGM3ZWMyNGI1NGM4OGFhYyEyc0phc29taXJnb3R0c3RyYSVDMyU5RmUlMjA2JTJGNSUyQyUyMDEwMTAlMjBXaWVuITVlMCEzbTIhMXNkZSEyc2F0ITR2MTY2OTk3NTc4MzY0OCE1bTIhMXNkZSEyc2F0IiB3aWR0aD0iMjUwMCIgaGVpZ2h0PSI0NTAiIHN0eWxlPSJib3JkZXI6MDsiIGFsbG93ZnVsbHNjcmVlbj0iIiBsb2FkaW5nPSJsYXp5IiByZWZlcnJlcnBvbGljeT0ibm8tcmVmZXJyZXItd2hlbi1kb3duZ3JhZGUiPjwvaWZyYW1lPg==<\/script><\/div><\/div>[\/et_pb_fullwidth_code][\/et_pb_section]<\/p>\n","protected":false},"excerpt":{"rendered":"<p>Impressum(Offenlegung gem\u00e4\u00df \u00a7 5 ECG):Ren\u00e9 Schneider Rechtsanwalts GmbH KipferlhausGr\u00fcnangergasse 8\/61010 WienT +43 \/ 1 \/ 269 87 97 &#8211; 0F +43 \/ 1 \/ 269 87 97 &#8211; 10E \u2028kanzlei@rslaw.at www.rslaw.atSitz Wien, FN 246037 w, Handelsgericht WienZulassung: \u00d6sterreichische RechtsanwaltsgesellschaftAufsichtsbeh\u00f6rde: Rechtsanwaltskammer Wien (RAK Wien)Rechtsanwaltscode: P 130518 (RAK Wien)Anwendbare berufsrechtliche Vorschriften: RAO, RL-BA, etc (abrufbar unter www.oerak.at [&hellip;]<\/p>\n","protected":false},"author":2,"featured_media":0,"parent":0,"menu_order":0,"comment_status":"closed","ping_status":"closed","template":"","meta":{"_et_pb_use_builder":"on","_et_pb_old_content":"","_et_gb_content_width":"","footnotes":""},"class_list":["post-214","page","type-page","status-publish","hentry"],"_links":{"self":[{"href":"https:\/\/rslaw.at\/en\/wp-json\/wp\/v2\/pages\/214","targetHints":{"allow":["GET"]}}],"collection":[{"href":"https:\/\/rslaw.at\/en\/wp-json\/wp\/v2\/pages"}],"about":[{"href":"https:\/\/rslaw.at\/en\/wp-json\/wp\/v2\/types\/page"}],"author":[{"embeddable":true,"href":"https:\/\/rslaw.at\/en\/wp-json\/wp\/v2\/users\/2"}],"replies":[{"embeddable":true,"href":"https:\/\/rslaw.at\/en\/wp-json\/wp\/v2\/comments?post=214"}],"version-history":[{"count":0,"href":"https:\/\/rslaw.at\/en\/wp-json\/wp\/v2\/pages\/214\/revisions"}],"wp:attachment":[{"href":"https:\/\/rslaw.at\/en\/wp-json\/wp\/v2\/media?parent=214"}],"curies":[{"name":"wp","href":"https:\/\/api.w.org\/{rel}","templated":true}]}}